{"id":1393,"date":"2018-08-11T16:49:30","date_gmt":"2018-08-11T20:49:30","guid":{"rendered":"https:\/\/item7.ca\/productions\/"},"modified":"2019-04-12T12:54:21","modified_gmt":"2019-04-12T16:54:21","slug":"productions","status":"publish","type":"page","link":"https:\/\/item7.ca\/en\/productions\/","title":{"rendered":"Productions"},"content":{"rendered":"","protected":false},"excerpt":{"rendered":"","protected":false},"author":10,"featured_media":0,"parent":0,"menu_order":0,"comment_status":"closed","ping_status":"closed","template":"page-productions.php","meta":{"footnotes":""},"class_list":["post-1393","page","type-page","status-publish","hentry"],"yoast_head":"<title>Des productions \u00e0 succ\u00e8s - Item 7<\/title>\n<meta name=\"description\" content=\"Du cin\u00e9ma \u00e0 chez vous, Item 7 produit des films de tous genres. Drame, com\u00e9die, science fiction, humour, action: tout y est pour vous \u00e9mouvoir\" \/>\n<meta name=\"robots\" content=\"index, follow, max-snippet:-1, max-image-preview:large, max-video-preview:-1\" \/>\n<link rel=\"canonical\" href=\"https:\/\/item7.ca\/en\/productions\/\" \/>\n<meta property=\"og:locale\" content=\"en_US\" \/>\n<meta property=\"og:type\" content=\"article\" \/>\n<meta property=\"og:title\" content=\"Des productions \u00e0 succ\u00e8s - Item 7\" \/>\n<meta property=\"og:description\" content=\"Du cin\u00e9ma \u00e0 chez vous, Item 7 produit des films de tous genres. Drame, com\u00e9die, science fiction, humour, action: tout y est pour vous \u00e9mouvoir\" \/>\n<meta property=\"og:url\" content=\"https:\/\/item7.ca\/en\/productions\/\" \/>\n<meta property=\"og:site_name\" content=\"Item 7\" \/>\n<meta property=\"article:modified_time\" content=\"2019-04-12T16:54:21+00:00\" \/>\n<script type=\"application\/ld+json\" class=\"yoast-schema-graph\">{\"@context\":\"https:\\\/\\\/schema.org\",\"@graph\":[{\"@type\":\"WebPage\",\"@id\":\"https:\\\/\\\/item7.ca\\\/en\\\/productions\\\/\",\"url\":\"https:\\\/\\\/item7.ca\\\/en\\\/productions\\\/\",\"name\":\"Des productions \u00e0 succ\u00e8s - Item 7\",\"isPartOf\":{\"@id\":\"https:\\\/\\\/item7.ca\\\/en\\\/#website\"},\"datePublished\":\"2018-08-11T20:49:30+00:00\",\"dateModified\":\"2019-04-12T16:54:21+00:00\",\"description\":\"Du cin\u00e9ma \u00e0 chez vous, Item 7 produit des films de tous genres. Drame, com\u00e9die, science fiction, humour, action: tout y est pour vous \u00e9mouvoir\",\"inLanguage\":\"en-US\",\"potentialAction\":[{\"@type\":\"ReadAction\",\"target\":[\"https:\\\/\\\/item7.ca\\\/en\\\/productions\\\/\"]}]},{\"@type\":\"WebSite\",\"@id\":\"https:\\\/\\\/item7.ca\\\/en\\\/#website\",\"url\":\"https:\\\/\\\/item7.ca\\\/en\\\/\",\"name\":\"Item 7\",\"description\":\"Productions de films\",\"potentialAction\":[{\"@type\":\"SearchAction\",\"target\":{\"@type\":\"EntryPoint\",\"urlTemplate\":\"https:\\\/\\\/item7.ca\\\/en\\\/?s={search_term_string}\"},\"query-input\":{\"@type\":\"PropertyValueSpecification\",\"valueRequired\":true,\"valueName\":\"search_term_string\"}}],\"inLanguage\":\"en-US\"}]}<\/script>","yoast_head_json":{"title":"Des productions \u00e0 succ\u00e8s - Item 7","description":"Du cin\u00e9ma \u00e0 chez vous, Item 7 produit des films de tous genres. Drame, com\u00e9die, science fiction, humour, action: tout y est pour vous \u00e9mouvoir","robots":{"index":"index","follow":"follow","max-snippet":"max-snippet:-1","max-image-preview":"max-image-preview:large","max-video-preview":"max-video-preview:-1"},"canonical":"https:\/\/item7.ca\/en\/productions\/","og_locale":"en_US","og_type":"article","og_title":"Des productions \u00e0 succ\u00e8s - Item 7","og_description":"Du cin\u00e9ma \u00e0 chez vous, Item 7 produit des films de tous genres. Drame, com\u00e9die, science fiction, humour, action: tout y est pour vous \u00e9mouvoir","og_url":"https:\/\/item7.ca\/en\/productions\/","og_site_name":"Item 7","article_modified_time":"2019-04-12T16:54:21+00:00","schema":{"@context":"https:\/\/schema.org","@graph":[{"@type":"WebPage","@id":"https:\/\/item7.ca\/en\/productions\/","url":"https:\/\/item7.ca\/en\/productions\/","name":"Des productions \u00e0 succ\u00e8s - Item 7","isPartOf":{"@id":"https:\/\/item7.ca\/en\/#website"},"datePublished":"2018-08-11T20:49:30+00:00","dateModified":"2019-04-12T16:54:21+00:00","description":"Du cin\u00e9ma \u00e0 chez vous, Item 7 produit des films de tous genres. Drame, com\u00e9die, science fiction, humour, action: tout y est pour vous \u00e9mouvoir","inLanguage":"en-US","potentialAction":[{"@type":"ReadAction","target":["https:\/\/item7.ca\/en\/productions\/"]}]},{"@type":"WebSite","@id":"https:\/\/item7.ca\/en\/#website","url":"https:\/\/item7.ca\/en\/","name":"Item 7","description":"Productions de films","potentialAction":[{"@type":"SearchAction","target":{"@type":"EntryPoint","urlTemplate":"https:\/\/item7.ca\/en\/?s={search_term_string}"},"query-input":{"@type":"PropertyValueSpecification","valueRequired":true,"valueName":"search_term_string"}}],"inLanguage":"en-US"}]}},"_links":{"self":[{"href":"https:\/\/item7.ca\/en\/wp-json\/wp\/v2\/pages\/1393","targetHints":{"allow":["GET"]}}],"collection":[{"href":"https:\/\/item7.ca\/en\/wp-json\/wp\/v2\/pages"}],"about":[{"href":"https:\/\/item7.ca\/en\/wp-json\/wp\/v2\/types\/page"}],"author":[{"embeddable":true,"href":"https:\/\/item7.ca\/en\/wp-json\/wp\/v2\/users\/10"}],"replies":[{"embeddable":true,"href":"https:\/\/item7.ca\/en\/wp-json\/wp\/v2\/comments?post=1393"}],"version-history":[{"count":7,"href":"https:\/\/item7.ca\/en\/wp-json\/wp\/v2\/pages\/1393\/revisions"}],"predecessor-version":[{"id":1967,"href":"https:\/\/item7.ca\/en\/wp-json\/wp\/v2\/pages\/1393\/revisions\/1967"}],"wp:attachment":[{"href":"https:\/\/item7.ca\/en\/wp-json\/wp\/v2\/media?parent=1393"}],"curies":[{"name":"wp","href":"https:\/\/api.w.org\/{rel}","templated":true}]}}