{"id":1387,"date":"2018-08-11T16:50:26","date_gmt":"2018-08-11T20:50:26","guid":{"rendered":"https:\/\/item7.ca\/a-propos\/"},"modified":"2026-04-14T11:36:56","modified_gmt":"2026-04-14T15:36:56","slug":"about-us","status":"publish","type":"page","link":"https:\/\/item7.ca\/en\/about-us\/","title":{"rendered":"About"},"content":{"rendered":"","protected":false},"excerpt":{"rendered":"","protected":false},"author":10,"featured_media":0,"parent":0,"menu_order":0,"comment_status":"closed","ping_status":"closed","template":"","meta":{"footnotes":""},"class_list":["post-1387","page","type-page","status-publish","hentry"],"yoast_head":"<title>About - Item 7<\/title>\n<meta name=\"description\" content=\"Bs\u00e9e \u00e0 montr\u00e9al, cette \u00e9quipe dynamique produit des films cin\u00e9matographiques avec engouement et passion depuis depuis 2009\" \/>\n<meta name=\"robots\" content=\"index, follow, max-snippet:-1, max-image-preview:large, max-video-preview:-1\" \/>\n<link rel=\"canonical\" href=\"https:\/\/item7.ca\/en\/about-us\/\" \/>\n<meta property=\"og:locale\" content=\"en_US\" \/>\n<meta property=\"og:type\" content=\"article\" \/>\n<meta property=\"og:title\" content=\"About - Item 7\" \/>\n<meta property=\"og:description\" content=\"Bs\u00e9e \u00e0 montr\u00e9al, cette \u00e9quipe dynamique produit des films cin\u00e9matographiques avec engouement et passion depuis depuis 2009\" \/>\n<meta property=\"og:url\" content=\"https:\/\/item7.ca\/en\/about-us\/\" \/>\n<meta property=\"og:site_name\" content=\"Item 7\" \/>\n<meta property=\"article:modified_time\" content=\"2026-04-14T15:36:56+00:00\" \/>\n<script type=\"application\/ld+json\" class=\"yoast-schema-graph\">{\"@context\":\"https:\\\/\\\/schema.org\",\"@graph\":[{\"@type\":\"WebPage\",\"@id\":\"https:\\\/\\\/item7.ca\\\/en\\\/about-us\\\/\",\"url\":\"https:\\\/\\\/item7.ca\\\/en\\\/about-us\\\/\",\"name\":\"About - Item 7\",\"isPartOf\":{\"@id\":\"https:\\\/\\\/item7.ca\\\/en\\\/#website\"},\"datePublished\":\"2018-08-11T20:50:26+00:00\",\"dateModified\":\"2026-04-14T15:36:56+00:00\",\"description\":\"Bs\u00e9e \u00e0 montr\u00e9al, cette \u00e9quipe dynamique produit des films cin\u00e9matographiques avec engouement et passion depuis depuis 2009\",\"inLanguage\":\"en-US\",\"potentialAction\":[{\"@type\":\"ReadAction\",\"target\":[\"https:\\\/\\\/item7.ca\\\/en\\\/about-us\\\/\"]}]},{\"@type\":\"WebSite\",\"@id\":\"https:\\\/\\\/item7.ca\\\/en\\\/#website\",\"url\":\"https:\\\/\\\/item7.ca\\\/en\\\/\",\"name\":\"Item 7\",\"description\":\"Productions de films\",\"potentialAction\":[{\"@type\":\"SearchAction\",\"target\":{\"@type\":\"EntryPoint\",\"urlTemplate\":\"https:\\\/\\\/item7.ca\\\/en\\\/?s={search_term_string}\"},\"query-input\":{\"@type\":\"PropertyValueSpecification\",\"valueRequired\":true,\"valueName\":\"search_term_string\"}}],\"inLanguage\":\"en-US\"}]}<\/script>","yoast_head_json":{"title":"About - Item 7","description":"Bs\u00e9e \u00e0 montr\u00e9al, cette \u00e9quipe dynamique produit des films cin\u00e9matographiques avec engouement et passion depuis depuis 2009","robots":{"index":"index","follow":"follow","max-snippet":"max-snippet:-1","max-image-preview":"max-image-preview:large","max-video-preview":"max-video-preview:-1"},"canonical":"https:\/\/item7.ca\/en\/about-us\/","og_locale":"en_US","og_type":"article","og_title":"About - Item 7","og_description":"Bs\u00e9e \u00e0 montr\u00e9al, cette \u00e9quipe dynamique produit des films cin\u00e9matographiques avec engouement et passion depuis depuis 2009","og_url":"https:\/\/item7.ca\/en\/about-us\/","og_site_name":"Item 7","article_modified_time":"2026-04-14T15:36:56+00:00","schema":{"@context":"https:\/\/schema.org","@graph":[{"@type":"WebPage","@id":"https:\/\/item7.ca\/en\/about-us\/","url":"https:\/\/item7.ca\/en\/about-us\/","name":"About - Item 7","isPartOf":{"@id":"https:\/\/item7.ca\/en\/#website"},"datePublished":"2018-08-11T20:50:26+00:00","dateModified":"2026-04-14T15:36:56+00:00","description":"Bs\u00e9e \u00e0 montr\u00e9al, cette \u00e9quipe dynamique produit des films cin\u00e9matographiques avec engouement et passion depuis depuis 2009","inLanguage":"en-US","potentialAction":[{"@type":"ReadAction","target":["https:\/\/item7.ca\/en\/about-us\/"]}]},{"@type":"WebSite","@id":"https:\/\/item7.ca\/en\/#website","url":"https:\/\/item7.ca\/en\/","name":"Item 7","description":"Productions de films","potentialAction":[{"@type":"SearchAction","target":{"@type":"EntryPoint","urlTemplate":"https:\/\/item7.ca\/en\/?s={search_term_string}"},"query-input":{"@type":"PropertyValueSpecification","valueRequired":true,"valueName":"search_term_string"}}],"inLanguage":"en-US"}]}},"_links":{"self":[{"href":"https:\/\/item7.ca\/en\/wp-json\/wp\/v2\/pages\/1387","targetHints":{"allow":["GET"]}}],"collection":[{"href":"https:\/\/item7.ca\/en\/wp-json\/wp\/v2\/pages"}],"about":[{"href":"https:\/\/item7.ca\/en\/wp-json\/wp\/v2\/types\/page"}],"author":[{"embeddable":true,"href":"https:\/\/item7.ca\/en\/wp-json\/wp\/v2\/users\/10"}],"replies":[{"embeddable":true,"href":"https:\/\/item7.ca\/en\/wp-json\/wp\/v2\/comments?post=1387"}],"version-history":[{"count":47,"href":"https:\/\/item7.ca\/en\/wp-json\/wp\/v2\/pages\/1387\/revisions"}],"predecessor-version":[{"id":13534,"href":"https:\/\/item7.ca\/en\/wp-json\/wp\/v2\/pages\/1387\/revisions\/13534"}],"wp:attachment":[{"href":"https:\/\/item7.ca\/en\/wp-json\/wp\/v2\/media?parent=1387"}],"curies":[{"name":"wp","href":"https:\/\/api.w.org\/{rel}","templated":true}]}}