{"id":1382,"date":"2013-06-17T15:09:49","date_gmt":"2013-06-17T14:09:49","guid":{"rendered":"https:\/\/item7.ca\/accueil\/"},"modified":"2026-03-31T15:53:52","modified_gmt":"2026-03-31T19:53:52","slug":"accueil","status":"publish","type":"page","link":"https:\/\/item7.ca\/en\/","title":{"rendered":"Home"},"content":{"rendered":"","protected":false},"excerpt":{"rendered":"","protected":false},"author":10,"featured_media":0,"parent":0,"menu_order":0,"comment_status":"closed","ping_status":"open","template":"page-homepage.php","meta":{"footnotes":""},"class_list":["post-1382","page","type-page","status-publish","hentry"],"yoast_head":"<title>Production de films internationaux - Item 7<\/title>\n<meta name=\"description\" content=\"Item 7 est une entreprise qui produit des longs m\u00e9trages de haute qualit\u00e9. Nombreux sont les films qui ont \u00e9t\u00e9 nomm\u00e9s et r\u00e9compens\u00e9s.\" \/>\n<meta name=\"robots\" content=\"index, follow, max-snippet:-1, max-image-preview:large, max-video-preview:-1\" \/>\n<link rel=\"canonical\" href=\"https:\/\/item7.ca\/en\/\" \/>\n<meta property=\"og:locale\" content=\"en_US\" \/>\n<meta property=\"og:type\" content=\"article\" \/>\n<meta property=\"og:title\" content=\"Production de films internationaux - Item 7\" \/>\n<meta property=\"og:description\" content=\"Item 7 est une entreprise qui produit des longs m\u00e9trages de haute qualit\u00e9. Nombreux sont les films qui ont \u00e9t\u00e9 nomm\u00e9s et r\u00e9compens\u00e9s.\" \/>\n<meta property=\"og:url\" content=\"https:\/\/item7.ca\/en\/\" \/>\n<meta property=\"og:site_name\" content=\"Item 7\" \/>\n<meta property=\"article:modified_time\" content=\"2026-03-31T19:53:52+00:00\" \/>\n<script type=\"application\/ld+json\" class=\"yoast-schema-graph\">{\"@context\":\"https:\\\/\\\/schema.org\",\"@graph\":[{\"@type\":\"WebPage\",\"@id\":\"https:\\\/\\\/item7.ca\\\/en\\\/\",\"url\":\"https:\\\/\\\/item7.ca\\\/en\\\/\",\"name\":\"Production de films internationaux - Item 7\",\"isPartOf\":{\"@id\":\"https:\\\/\\\/item7.ca\\\/en\\\/#website\"},\"datePublished\":\"2013-06-17T14:09:49+00:00\",\"dateModified\":\"2026-03-31T19:53:52+00:00\",\"description\":\"Item 7 est une entreprise qui produit des longs m\u00e9trages de haute qualit\u00e9. Nombreux sont les films qui ont \u00e9t\u00e9 nomm\u00e9s et r\u00e9compens\u00e9s.\",\"inLanguage\":\"en-US\",\"potentialAction\":[{\"@type\":\"ReadAction\",\"target\":[\"https:\\\/\\\/item7.ca\\\/en\\\/\"]}]},{\"@type\":\"WebSite\",\"@id\":\"https:\\\/\\\/item7.ca\\\/en\\\/#website\",\"url\":\"https:\\\/\\\/item7.ca\\\/en\\\/\",\"name\":\"Item 7\",\"description\":\"Productions de films\",\"potentialAction\":[{\"@type\":\"SearchAction\",\"target\":{\"@type\":\"EntryPoint\",\"urlTemplate\":\"https:\\\/\\\/item7.ca\\\/en\\\/?s={search_term_string}\"},\"query-input\":{\"@type\":\"PropertyValueSpecification\",\"valueRequired\":true,\"valueName\":\"search_term_string\"}}],\"inLanguage\":\"en-US\"}]}<\/script>","yoast_head_json":{"title":"Production de films internationaux - Item 7","description":"Item 7 est une entreprise qui produit des longs m\u00e9trages de haute qualit\u00e9. Nombreux sont les films qui ont \u00e9t\u00e9 nomm\u00e9s et r\u00e9compens\u00e9s.","robots":{"index":"index","follow":"follow","max-snippet":"max-snippet:-1","max-image-preview":"max-image-preview:large","max-video-preview":"max-video-preview:-1"},"canonical":"https:\/\/item7.ca\/en\/","og_locale":"en_US","og_type":"article","og_title":"Production de films internationaux - Item 7","og_description":"Item 7 est une entreprise qui produit des longs m\u00e9trages de haute qualit\u00e9. Nombreux sont les films qui ont \u00e9t\u00e9 nomm\u00e9s et r\u00e9compens\u00e9s.","og_url":"https:\/\/item7.ca\/en\/","og_site_name":"Item 7","article_modified_time":"2026-03-31T19:53:52+00:00","schema":{"@context":"https:\/\/schema.org","@graph":[{"@type":"WebPage","@id":"https:\/\/item7.ca\/en\/","url":"https:\/\/item7.ca\/en\/","name":"Production de films internationaux - Item 7","isPartOf":{"@id":"https:\/\/item7.ca\/en\/#website"},"datePublished":"2013-06-17T14:09:49+00:00","dateModified":"2026-03-31T19:53:52+00:00","description":"Item 7 est une entreprise qui produit des longs m\u00e9trages de haute qualit\u00e9. Nombreux sont les films qui ont \u00e9t\u00e9 nomm\u00e9s et r\u00e9compens\u00e9s.","inLanguage":"en-US","potentialAction":[{"@type":"ReadAction","target":["https:\/\/item7.ca\/en\/"]}]},{"@type":"WebSite","@id":"https:\/\/item7.ca\/en\/#website","url":"https:\/\/item7.ca\/en\/","name":"Item 7","description":"Productions de films","potentialAction":[{"@type":"SearchAction","target":{"@type":"EntryPoint","urlTemplate":"https:\/\/item7.ca\/en\/?s={search_term_string}"},"query-input":{"@type":"PropertyValueSpecification","valueRequired":true,"valueName":"search_term_string"}}],"inLanguage":"en-US"}]}},"_links":{"self":[{"href":"https:\/\/item7.ca\/en\/wp-json\/wp\/v2\/pages\/1382","targetHints":{"allow":["GET"]}}],"collection":[{"href":"https:\/\/item7.ca\/en\/wp-json\/wp\/v2\/pages"}],"about":[{"href":"https:\/\/item7.ca\/en\/wp-json\/wp\/v2\/types\/page"}],"author":[{"embeddable":true,"href":"https:\/\/item7.ca\/en\/wp-json\/wp\/v2\/users\/10"}],"replies":[{"embeddable":true,"href":"https:\/\/item7.ca\/en\/wp-json\/wp\/v2\/comments?post=1382"}],"version-history":[{"count":144,"href":"https:\/\/item7.ca\/en\/wp-json\/wp\/v2\/pages\/1382\/revisions"}],"predecessor-version":[{"id":13521,"href":"https:\/\/item7.ca\/en\/wp-json\/wp\/v2\/pages\/1382\/revisions\/13521"}],"wp:attachment":[{"href":"https:\/\/item7.ca\/en\/wp-json\/wp\/v2\/media?parent=1382"}],"curies":[{"name":"wp","href":"https:\/\/api.w.org\/{rel}","templated":true}]}}